{"id":507,"date":"2023-04-28T14:34:58","date_gmt":"2023-04-28T12:34:58","guid":{"rendered":"https:\/\/www.campingsantalucia.com\/?page_id=507"},"modified":"2024-01-16T10:54:40","modified_gmt":"2024-01-16T09:54:40","slug":"accommodation","status":"publish","type":"page","link":"https:\/\/www.campingsantalucia.com\/en\/accommodation\/","title":{"rendered":"Accommodation"},"content":{"rendered":"<div data-elementor-type=\"wp-page\" data-elementor-id=\"507\" class=\"elementor elementor-507\" data-elementor-post-type=\"page\">\n\t\t\t\t\t\t<section class=\"elementor-section elementor-top-section elementor-element elementor-element-68aea00 elementor-section-height-min-height elementor-section-items-bottom elementor-section-boxed elementor-section-height-default\" data-id=\"68aea00\" data-element_type=\"section\" data-e-type=\"section\" data-settings=\"{&quot;background_background&quot;:&quot;classic&quot;}\">\n\t\t\t\t\t\t\t<div class=\"elementor-background-overlay\"><\/div>\n\t\t\t\t\t\t\t<div class=\"elementor-container elementor-column-gap-no\">\n\t\t\t\t\t<div class=\"elementor-column elementor-col-100 elementor-top-column elementor-element elementor-element-086bc7c\" data-id=\"086bc7c\" data-element_type=\"column\" data-e-type=\"column\">\n\t\t\t<div class=\"elementor-widget-wrap elementor-element-populated\">\n\t\t\t\t\t\t<div class=\"elementor-element elementor-element-c05e474 elementor-invisible elementor-widget elementor-widget-heading\" data-id=\"c05e474\" data-element_type=\"widget\" data-e-type=\"widget\" data-settings=\"{&quot;_animation&quot;:&quot;fadeIn&quot;,&quot;_animation_delay&quot;:&quot;200&quot;}\" data-widget_type=\"heading.default\">\n\t\t\t\t<div class=\"elementor-widget-container\">\n\t\t\t\t\t<h1 class=\"elementor-heading-title elementor-size-default\">Our accommodation<\/h1>\t\t\t\t<\/div>\n\t\t\t\t<\/div>\n\t\t\t\t<div class=\"elementor-element elementor-element-02462f9 animated-slow elementor-invisible elementor-widget elementor-widget-text-editor\" data-id=\"02462f9\" data-element_type=\"widget\" data-e-type=\"widget\" data-settings=\"{&quot;_animation&quot;:&quot;fadeIn&quot;,&quot;_animation_delay&quot;:&quot;400&quot;}\" data-widget_type=\"text-editor.default\">\n\t\t\t\t<div class=\"elementor-widget-container\">\n\t\t\t\t\t\t\t\t\t<p>Our rentals can accommodate up to 5 people.<\/p>\t\t\t\t\t\t\t\t<\/div>\n\t\t\t\t<\/div>\n\t\t\t\t\t<\/div>\n\t\t<\/div>\n\t\t\t\t\t<\/div>\n\t\t<\/section>\n\t\t\t\t<section class=\"elementor-section elementor-top-section elementor-element elementor-element-f8077c6 elementor-section-height-min-height elementor-section-boxed elementor-section-height-default elementor-section-items-middle\" data-id=\"f8077c6\" data-element_type=\"section\" data-e-type=\"section\">\n\t\t\t\t\t\t<div class=\"elementor-container elementor-column-gap-no\">\n\t\t\t\t\t<div class=\"elementor-column elementor-col-100 elementor-top-column elementor-element elementor-element-8c8baf5\" data-id=\"8c8baf5\" data-element_type=\"column\" data-e-type=\"column\">\n\t\t\t<div class=\"elementor-widget-wrap elementor-element-populated\">\n\t\t\t\t\t\t<div class=\"elementor-element elementor-element-baa55d9 elementor-widget elementor-widget-text-editor\" data-id=\"baa55d9\" data-element_type=\"widget\" data-e-type=\"widget\" data-widget_type=\"text-editor.default\">\n\t\t\t\t<div class=\"elementor-widget-container\">\n\t\t\t\t\t\t\t\t\t<p>We've made Santa Lucia a peaceful and pleasant place for campers. The terraced pitches, our maquis and cork oaks guarantee shade, authenticity and serenity. The natural boundaries of the pitches blend harmoniously into the landscape.<\/p>\t\t\t\t\t\t\t\t<\/div>\n\t\t\t\t<\/div>\n\t\t\t\t<section class=\"elementor-section elementor-inner-section elementor-element elementor-element-cb775df elementor-section-full_width elementor-section-height-default elementor-section-height-default\" data-id=\"cb775df\" data-element_type=\"section\" data-e-type=\"section\">\n\t\t\t\t\t\t<div class=\"elementor-container elementor-column-gap-default\">\n\t\t\t\t\t<div class=\"elementor-column elementor-col-33 elementor-inner-column elementor-element elementor-element-ad6e516\" data-id=\"ad6e516\" data-element_type=\"column\" data-e-type=\"column\">\n\t\t\t<div class=\"elementor-widget-wrap elementor-element-populated\">\n\t\t\t\t\t\t<div class=\"elementor-element elementor-element-ca82480 elementor-position-top elementor-widget elementor-widget-image-box\" data-id=\"ca82480\" data-element_type=\"widget\" data-e-type=\"widget\" data-widget_type=\"image-box.default\">\n\t\t\t\t<div class=\"elementor-widget-container\">\n\t\t\t\t\t<div class=\"elementor-image-box-wrapper\"><figure class=\"elementor-image-box-img\"><img fetchpriority=\"high\" decoding=\"async\" width=\"1365\" height=\"2048\" src=\"https:\/\/www.campingsantalucia.com\/wp-content\/uploads\/2023\/03\/emplacement-9-scaled.jpg\" class=\"attachment-full size-full wp-image-100\" alt=\"\" srcset=\"https:\/\/www.campingsantalucia.com\/wp-content\/uploads\/2023\/03\/emplacement-9-scaled.jpg 1365w, https:\/\/www.campingsantalucia.com\/wp-content\/uploads\/2023\/03\/emplacement-9-200x300.jpg 200w, https:\/\/www.campingsantalucia.com\/wp-content\/uploads\/2023\/03\/emplacement-9-683x1024.jpg 683w, https:\/\/www.campingsantalucia.com\/wp-content\/uploads\/2023\/03\/emplacement-9-768x1152.jpg 768w, https:\/\/www.campingsantalucia.com\/wp-content\/uploads\/2023\/03\/emplacement-9-1024x1536.jpg 1024w\" sizes=\"(max-width: 1365px) 100vw, 1365px\" \/><\/figure><div class=\"elementor-image-box-content\"><h3 class=\"elementor-image-box-title\">Locations<\/h3><p class=\"elementor-image-box-description\">Shady pitches under cork oaks.<\/p><\/div><\/div>\t\t\t\t<\/div>\n\t\t\t\t<\/div>\n\t\t\t\t<div class=\"elementor-element elementor-element-305c460 elementor-align-center elementor-widget elementor-widget-button\" data-id=\"305c460\" data-element_type=\"widget\" data-e-type=\"widget\" data-widget_type=\"button.default\">\n\t\t\t\t<div class=\"elementor-widget-container\">\n\t\t\t\t\t\t\t\t\t<div class=\"elementor-button-wrapper\">\n\t\t\t\t\t<a class=\"elementor-button elementor-button-link elementor-size-sm\" href=\"https:\/\/www.campingsantalucia.com\/en\/accommodation\/locations\/\">\n\t\t\t\t\t\t<span class=\"elementor-button-content-wrapper\">\n\t\t\t\t\t\t\t\t\t<span class=\"elementor-button-text\">Discover<\/span>\n\t\t\t\t\t<\/span>\n\t\t\t\t\t<\/a>\n\t\t\t\t<\/div>\n\t\t\t\t\t\t\t\t<\/div>\n\t\t\t\t<\/div>\n\t\t\t\t\t<\/div>\n\t\t<\/div>\n\t\t\t\t<div class=\"elementor-column elementor-col-33 elementor-inner-column elementor-element elementor-element-5da18b9\" data-id=\"5da18b9\" data-element_type=\"column\" data-e-type=\"column\">\n\t\t\t<div class=\"elementor-widget-wrap elementor-element-populated\">\n\t\t\t\t\t\t<div class=\"elementor-element elementor-element-1181669 elementor-position-top elementor-widget elementor-widget-image-box\" data-id=\"1181669\" data-element_type=\"widget\" data-e-type=\"widget\" data-widget_type=\"image-box.default\">\n\t\t\t\t<div class=\"elementor-widget-container\">\n\t\t\t\t\t<div class=\"elementor-image-box-wrapper\"><figure class=\"elementor-image-box-img\"><img decoding=\"async\" width=\"1365\" height=\"2048\" src=\"https:\/\/www.campingsantalucia.com\/wp-content\/uploads\/2023\/03\/toile-1-scaled.jpg\" class=\"attachment-full size-full wp-image-159\" alt=\"\" srcset=\"https:\/\/www.campingsantalucia.com\/wp-content\/uploads\/2023\/03\/toile-1-scaled.jpg 1365w, https:\/\/www.campingsantalucia.com\/wp-content\/uploads\/2023\/03\/toile-1-200x300.jpg 200w, https:\/\/www.campingsantalucia.com\/wp-content\/uploads\/2023\/03\/toile-1-683x1024.jpg 683w, https:\/\/www.campingsantalucia.com\/wp-content\/uploads\/2023\/03\/toile-1-768x1152.jpg 768w, https:\/\/www.campingsantalucia.com\/wp-content\/uploads\/2023\/03\/toile-1-1024x1536.jpg 1024w\" sizes=\"(max-width: 1365px) 100vw, 1365px\" \/><\/figure><div class=\"elementor-image-box-content\"><h3 class=\"elementor-image-box-title\">Lodges<\/h3><p class=\"elementor-image-box-description\">A cosy little nest close to nature.<\/p><\/div><\/div>\t\t\t\t<\/div>\n\t\t\t\t<\/div>\n\t\t\t\t<div class=\"elementor-element elementor-element-47b759a elementor-align-center elementor-widget elementor-widget-button\" data-id=\"47b759a\" data-element_type=\"widget\" data-e-type=\"widget\" data-widget_type=\"button.default\">\n\t\t\t\t<div class=\"elementor-widget-container\">\n\t\t\t\t\t\t\t\t\t<div class=\"elementor-button-wrapper\">\n\t\t\t\t\t<a class=\"elementor-button elementor-button-link elementor-size-sm\" href=\"https:\/\/www.campingsantalucia.com\/en\/accommodation\/canvas-bungalows\/\">\n\t\t\t\t\t\t<span class=\"elementor-button-content-wrapper\">\n\t\t\t\t\t\t\t\t\t<span class=\"elementor-button-text\">Discover<\/span>\n\t\t\t\t\t<\/span>\n\t\t\t\t\t<\/a>\n\t\t\t\t<\/div>\n\t\t\t\t\t\t\t\t<\/div>\n\t\t\t\t<\/div>\n\t\t\t\t\t<\/div>\n\t\t<\/div>\n\t\t\t\t<div class=\"elementor-column elementor-col-33 elementor-inner-column elementor-element elementor-element-92141d8\" data-id=\"92141d8\" data-element_type=\"column\" data-e-type=\"column\">\n\t\t\t<div class=\"elementor-widget-wrap elementor-element-populated\">\n\t\t\t\t\t\t<div class=\"elementor-element elementor-element-da61551 elementor-position-top elementor-widget elementor-widget-image-box\" data-id=\"da61551\" data-element_type=\"widget\" data-e-type=\"widget\" data-widget_type=\"image-box.default\">\n\t\t\t\t<div class=\"elementor-widget-container\">\n\t\t\t\t\t<div class=\"elementor-image-box-wrapper\"><figure class=\"elementor-image-box-img\"><img decoding=\"async\" width=\"1365\" height=\"2048\" src=\"https:\/\/www.campingsantalucia.com\/wp-content\/uploads\/2023\/03\/chalet-1-scaled.jpg\" class=\"attachment-full size-full wp-image-85\" alt=\"\" srcset=\"https:\/\/www.campingsantalucia.com\/wp-content\/uploads\/2023\/03\/chalet-1-scaled.jpg 1365w, https:\/\/www.campingsantalucia.com\/wp-content\/uploads\/2023\/03\/chalet-1-200x300.jpg 200w, https:\/\/www.campingsantalucia.com\/wp-content\/uploads\/2023\/03\/chalet-1-683x1024.jpg 683w, https:\/\/www.campingsantalucia.com\/wp-content\/uploads\/2023\/03\/chalet-1-768x1152.jpg 768w, https:\/\/www.campingsantalucia.com\/wp-content\/uploads\/2023\/03\/chalet-1-1024x1536.jpg 1024w\" sizes=\"(max-width: 1365px) 100vw, 1365px\" \/><\/figure><div class=\"elementor-image-box-content\"><h3 class=\"elementor-image-box-title\">Chalets<\/h3><p class=\"elementor-image-box-description\">Pretty wooden cottages as the starting point for your holiday.<\/p><\/div><\/div>\t\t\t\t<\/div>\n\t\t\t\t<\/div>\n\t\t\t\t<div class=\"elementor-element elementor-element-6285fff elementor-align-center elementor-widget elementor-widget-button\" data-id=\"6285fff\" data-element_type=\"widget\" data-e-type=\"widget\" data-widget_type=\"button.default\">\n\t\t\t\t<div class=\"elementor-widget-container\">\n\t\t\t\t\t\t\t\t\t<div class=\"elementor-button-wrapper\">\n\t\t\t\t\t<a class=\"elementor-button elementor-button-link elementor-size-sm\" href=\"https:\/\/www.campingsantalucia.com\/en\/cottages\/\">\n\t\t\t\t\t\t<span class=\"elementor-button-content-wrapper\">\n\t\t\t\t\t\t\t\t\t<span class=\"elementor-button-text\">Discover<\/span>\n\t\t\t\t\t<\/span>\n\t\t\t\t\t<\/a>\n\t\t\t\t<\/div>\n\t\t\t\t\t\t\t\t<\/div>\n\t\t\t\t<\/div>\n\t\t\t\t\t<\/div>\n\t\t<\/div>\n\t\t\t\t\t<\/div>\n\t\t<\/section>\n\t\t\t\t\t<\/div>\n\t\t<\/div>\n\t\t\t\t\t<\/div>\n\t\t<\/section>\n\t\t\t\t<section class=\"elementor-section elementor-top-section elementor-element elementor-element-0200b79 elementor-reverse-tablet elementor-reverse-mobile elementor-section-boxed elementor-section-height-default elementor-section-height-default\" data-id=\"0200b79\" data-element_type=\"section\" data-e-type=\"section\" data-settings=\"{&quot;background_background&quot;:&quot;classic&quot;}\">\n\t\t\t\t\t\t<div class=\"elementor-container elementor-column-gap-default\">\n\t\t\t\t\t<div class=\"elementor-column elementor-col-50 elementor-top-column elementor-element elementor-element-d7db67c\" data-id=\"d7db67c\" data-element_type=\"column\" data-e-type=\"column\" data-settings=\"{&quot;background_background&quot;:&quot;classic&quot;}\">\n\t\t\t<div class=\"elementor-widget-wrap elementor-element-populated\">\n\t\t\t\t\t\t<div class=\"elementor-element elementor-element-dc50e01 elementor-widget elementor-widget-heading\" data-id=\"dc50e01\" data-element_type=\"widget\" data-e-type=\"widget\" data-widget_type=\"heading.default\">\n\t\t\t\t<div class=\"elementor-widget-container\">\n\t\t\t\t\t<h2 class=\"elementor-heading-title elementor-size-default\"> Rental conditions <\/h2>\t\t\t\t<\/div>\n\t\t\t\t<\/div>\n\t\t\t\t<div class=\"elementor-element elementor-element-2eabd44 elementor-widget elementor-widget-text-editor\" data-id=\"2eabd44\" data-element_type=\"widget\" data-e-type=\"widget\" data-widget_type=\"text-editor.default\">\n\t\t\t\t<div class=\"elementor-widget-container\">\n\t\t\t\t\t\t\t\t\t<ul><li>These accommodations are available by the week in high season and for a minimum of 3 nights out of season.<\/li><li>Rentals only begin or end on Wednesdays, Saturdays or Sundays in high season.<\/li><li>Our rentals can accommodate up to 5 people.<\/li><li>Bed linen is included in the price.<\/li><li>No person additional to the contract will be accepted in the accommodation or on the pitch.<\/li><li>Pets are not allowed in the accommodation.<\/li><\/ul>\t\t\t\t\t\t\t\t<\/div>\n\t\t\t\t<\/div>\n\t\t\t\t<div class=\"elementor-element elementor-element-ccf8c08 elementor-mobile-align-justify elementor-align-right elementor-tablet-align-center elementor-widget__width-auto elementor-widget elementor-widget-button\" data-id=\"ccf8c08\" data-element_type=\"widget\" data-e-type=\"widget\" data-widget_type=\"button.default\">\n\t\t\t\t<div class=\"elementor-widget-container\">\n\t\t\t\t\t\t\t\t\t<div class=\"elementor-button-wrapper\">\n\t\t\t\t\t<a class=\"elementor-button elementor-button-link elementor-size-sm\" href=\"https:\/\/www.campingsantalucia.com\/wp-content\/uploads\/2023\/05\/Santa-Lucia_Inventaire_Chalets.pdf\" target=\"_blank\">\n\t\t\t\t\t\t<span class=\"elementor-button-content-wrapper\">\n\t\t\t\t\t\t\t\t\t<span class=\"elementor-button-text\">Chalet inventory<\/span>\n\t\t\t\t\t<\/span>\n\t\t\t\t\t<\/a>\n\t\t\t\t<\/div>\n\t\t\t\t\t\t\t\t<\/div>\n\t\t\t\t<\/div>\n\t\t\t\t<div class=\"elementor-element elementor-element-0e862a1 elementor-mobile-align-justify elementor-align-right elementor-tablet-align-center elementor-widget__width-auto elementor-widget elementor-widget-button\" data-id=\"0e862a1\" data-element_type=\"widget\" data-e-type=\"widget\" data-widget_type=\"button.default\">\n\t\t\t\t<div class=\"elementor-widget-container\">\n\t\t\t\t\t\t\t\t\t<div class=\"elementor-button-wrapper\">\n\t\t\t\t\t<a class=\"elementor-button elementor-button-link elementor-size-sm\" href=\"https:\/\/www.campingsantalucia.com\/wp-content\/uploads\/2023\/05\/Santa-Lucia_Inventaire_Toiles.pdf\" target=\"_blank\">\n\t\t\t\t\t\t<span class=\"elementor-button-content-wrapper\">\n\t\t\t\t\t\t\t\t\t<span class=\"elementor-button-text\">Canvas inventory<\/span>\n\t\t\t\t\t<\/span>\n\t\t\t\t\t<\/a>\n\t\t\t\t<\/div>\n\t\t\t\t\t\t\t\t<\/div>\n\t\t\t\t<\/div>\n\t\t\t\t\t<\/div>\n\t\t<\/div>\n\t\t\t\t<div class=\"elementor-column elementor-col-50 elementor-top-column elementor-element elementor-element-b290708\" data-id=\"b290708\" data-element_type=\"column\" data-e-type=\"column\">\n\t\t\t<div class=\"elementor-widget-wrap elementor-element-populated\">\n\t\t\t\t\t\t<div class=\"elementor-element elementor-element-71b631d elementor-absolute elementor-widget-tablet__width-auto elementor-widget__width-auto elementor-widget elementor-widget-image\" data-id=\"71b631d\" data-element_type=\"widget\" data-e-type=\"widget\" data-settings=\"{&quot;_position&quot;:&quot;absolute&quot;}\" data-widget_type=\"image.default\">\n\t\t\t\t<div class=\"elementor-widget-container\">\n\t\t\t\t\t\t\t\t\t\t\t\t\t\t\t<img loading=\"lazy\" decoding=\"async\" width=\"461\" height=\"465\" src=\"https:\/\/www.campingsantalucia.com\/wp-content\/uploads\/2023\/07\/CHALET_CAMPING.png\" class=\"attachment-large size-large wp-image-967\" alt=\"Illustration Reading in the hammock, trees, cottage and curious fox\" srcset=\"https:\/\/www.campingsantalucia.com\/wp-content\/uploads\/2023\/07\/CHALET_CAMPING.png 461w, https:\/\/www.campingsantalucia.com\/wp-content\/uploads\/2023\/07\/CHALET_CAMPING-297x300.png 297w, https:\/\/www.campingsantalucia.com\/wp-content\/uploads\/2023\/07\/CHALET_CAMPING-150x150.png 150w\" sizes=\"(max-width: 461px) 100vw, 461px\" \/>\t\t\t\t\t\t\t\t\t\t\t\t\t\t\t<\/div>\n\t\t\t\t<\/div>\n\t\t\t\t\t<\/div>\n\t\t<\/div>\n\t\t\t\t\t<\/div>\n\t\t<\/section>\n\t\t\t\t<\/div>","protected":false},"excerpt":{"rendered":"<p>Nos h\u00e9bergements Nos locations peuvent accueillir jusqu&rsquo;\u00e0 5 personnes. Nous avons fait du Santa Lucia un lieu paisible et agr\u00e9able pour les campeurs. Les emplacements en terrasse, notre maquis et [&hellip;]<\/p>\n","protected":false},"author":2,"featured_media":0,"parent":0,"menu_order":0,"comment_status":"closed","ping_status":"closed","template":"","meta":{"_seopress_robots_primary_cat":"","_seopress_titles_title":"","_seopress_titles_desc":"","_seopress_robots_index":"","_price":"","_stock":"","_tribe_ticket_header":"","_tribe_default_ticket_provider":"","_tribe_ticket_capacity":"0","_ticket_start_date":"","_ticket_end_date":"","_tribe_ticket_show_description":"","_tribe_ticket_show_not_going":false,"_tribe_ticket_use_global_stock":"","_tribe_ticket_global_stock_level":"","_global_stock_mode":"","_global_stock_cap":"","_tribe_rsvp_for_event":"","_tribe_ticket_going_count":"","_tribe_ticket_not_going_count":"","_tribe_tickets_list":"[]","_tribe_ticket_has_attendee_info_fields":false,"footnotes":""},"class_list":["post-507","page","type-page","status-publish","hentry"],"_links":{"self":[{"href":"https:\/\/www.campingsantalucia.com\/en\/wp-json\/wp\/v2\/pages\/507","targetHints":{"allow":["GET"]}}],"collection":[{"href":"https:\/\/www.campingsantalucia.com\/en\/wp-json\/wp\/v2\/pages"}],"about":[{"href":"https:\/\/www.campingsantalucia.com\/en\/wp-json\/wp\/v2\/types\/page"}],"author":[{"embeddable":true,"href":"https:\/\/www.campingsantalucia.com\/en\/wp-json\/wp\/v2\/users\/2"}],"replies":[{"embeddable":true,"href":"https:\/\/www.campingsantalucia.com\/en\/wp-json\/wp\/v2\/comments?post=507"}],"version-history":[{"count":103,"href":"https:\/\/www.campingsantalucia.com\/en\/wp-json\/wp\/v2\/pages\/507\/revisions"}],"predecessor-version":[{"id":1424,"href":"https:\/\/www.campingsantalucia.com\/en\/wp-json\/wp\/v2\/pages\/507\/revisions\/1424"}],"wp:attachment":[{"href":"https:\/\/www.campingsantalucia.com\/en\/wp-json\/wp\/v2\/media?parent=507"}],"curies":[{"name":"wp","href":"https:\/\/api.w.org\/{rel}","templated":true}]}}